{"id":53,"date":"2023-08-02T11:15:03","date_gmt":"2023-08-02T14:15:03","guid":{"rendered":"https:\/\/negobaterias.com.br\/?page_id=53"},"modified":"2023-08-02T11:18:28","modified_gmt":"2023-08-02T14:18:28","slug":"maintenance-page","status":"publish","type":"page","link":"https:\/\/negobaterias.com.br\/","title":{"rendered":"Maintenance Page"},"content":{"rendered":"\r\n<div id=\"wp-block-themeisle-blocks-advanced-columns-0d617423\" class=\"wp-block-themeisle-blocks-advanced-columns alignfull has-1-columns has-desktop-equal-layout has-tablet-equal-layout has-mobile-equal-layout has-vertical-center\">\r\n<div class=\"wp-block-themeisle-blocks-advanced-columns-overlay\">\u00a0<\/div>\r\n<div class=\"innerblocks-wrap\">\r\n<div id=\"wp-block-themeisle-blocks-advanced-column-7a21d599\" class=\"wp-block-themeisle-blocks-advanced-column\">\r\n<h1 id=\"wp-block-themeisle-blocks-advanced-heading-84bfa495\" class=\"wp-block-themeisle-blocks-advanced-heading wp-block-themeisle-blocks-advanced-heading-84bfa495 animated fadeIn\">Nosso site est\u00e1 em constru\u00e7\u00e3o.\u00a0<\/h1>\r\n\r\n\r\n\r\n<div class=\"wp-block-spacer\" style=\"height: 40px;\" aria-hidden=\"true\">\u00a0<\/div>\r\n\r\n\r\n\r\n<p id=\"wp-block-themeisle-blocks-advanced-heading-a458b450\" class=\"wp-block-themeisle-blocks-advanced-heading wp-block-themeisle-blocks-advanced-heading-a458b450\">Enquanto isso, fique por dentro das novidade atrav\u00e9s do nosso instagram <a href=\"https:\/\/www.instagram.com\/nego_baterias\/\">@nego_baterias<\/a><\/p>\r\n\r\n\r\n\r\n<div class=\"wp-block-spacer\" style=\"height: 40px;\" aria-hidden=\"true\">\u00a0<\/div>\r\n\r\n\r\n\r\n<ul class=\"wp-block-social-links has-large-icon-size has-icon-color is-style-logos-only ticss-1c969deb is-content-justification-center is-layout-flex wp-container-core-social-links-is-layout-a89b3969 wp-block-social-links-is-layout-flex\"><li style=\"color:#000000;\" class=\"wp-social-link wp-social-link-twitter has-black-color wp-block-social-link\"><a href=\"#\" class=\"wp-block-social-link-anchor\"><svg width=\"24\" height=\"24\" viewBox=\"0 0 24 24\" version=\"1.1\" xmlns=\"http:\/\/www.w3.org\/2000\/svg\" aria-hidden=\"true\" focusable=\"false\"><path d=\"M22.23,5.924c-0.736,0.326-1.527,0.547-2.357,0.646c0.847-0.508,1.498-1.312,1.804-2.27 c-0.793,0.47-1.671,0.812-2.606,0.996C18.324,4.498,17.257,4,16.077,4c-2.266,0-4.103,1.837-4.103,4.103 c0,0.322,0.036,0.635,0.106,0.935C8.67,8.867,5.647,7.234,3.623,4.751C3.27,5.357,3.067,6.062,3.067,6.814 c0,1.424,0.724,2.679,1.825,3.415c-0.673-0.021-1.305-0.206-1.859-0.513c0,0.017,0,0.034,0,0.052c0,1.988,1.414,3.647,3.292,4.023 c-0.344,0.094-0.707,0.144-1.081,0.144c-0.264,0-0.521-0.026-0.772-0.074c0.522,1.63,2.038,2.816,3.833,2.85 c-1.404,1.1-3.174,1.756-5.096,1.756c-0.331,0-0.658-0.019-0.979-0.057c1.816,1.164,3.973,1.843,6.29,1.843 c7.547,0,11.675-6.252,11.675-11.675c0-0.178-0.004-0.355-0.012-0.531C20.985,7.47,21.68,6.747,22.23,5.924z\"><\/path><\/svg><span class=\"wp-block-social-link-label screen-reader-text\">Twitter<\/span><\/a><\/li>\r\n\r\n<li style=\"color:#000000;\" class=\"wp-social-link wp-social-link-facebook has-black-color wp-block-social-link\"><a href=\"#\" class=\"wp-block-social-link-anchor\"><svg width=\"24\" height=\"24\" viewBox=\"0 0 24 24\" version=\"1.1\" xmlns=\"http:\/\/www.w3.org\/2000\/svg\" aria-hidden=\"true\" focusable=\"false\"><path d=\"M12 2C6.5 2 2 6.5 2 12c0 5 3.7 9.1 8.4 9.9v-7H7.9V12h2.5V9.8c0-2.5 1.5-3.9 3.8-3.9 1.1 0 2.2.2 2.2.2v2.5h-1.3c-1.2 0-1.6.8-1.6 1.6V12h2.8l-.4 2.9h-2.3v7C18.3 21.1 22 17 22 12c0-5.5-4.5-10-10-10z\"><\/path><\/svg><span class=\"wp-block-social-link-label screen-reader-text\">Facebook<\/span><\/a><\/li>\r\n\r\n<li style=\"color:#000000;\" class=\"wp-social-link wp-social-link-linkedin has-black-color wp-block-social-link\"><a href=\"#\" class=\"wp-block-social-link-anchor\"><svg width=\"24\" height=\"24\" viewBox=\"0 0 24 24\" version=\"1.1\" xmlns=\"http:\/\/www.w3.org\/2000\/svg\" aria-hidden=\"true\" focusable=\"false\"><path d=\"M19.7,3H4.3C3.582,3,3,3.582,3,4.3v15.4C3,20.418,3.582,21,4.3,21h15.4c0.718,0,1.3-0.582,1.3-1.3V4.3 C21,3.582,20.418,3,19.7,3z M8.339,18.338H5.667v-8.59h2.672V18.338z M7.004,8.574c-0.857,0-1.549-0.694-1.549-1.548 c0-0.855,0.691-1.548,1.549-1.548c0.854,0,1.547,0.694,1.547,1.548C8.551,7.881,7.858,8.574,7.004,8.574z M18.339,18.338h-2.669 v-4.177c0-0.996-0.017-2.278-1.387-2.278c-1.389,0-1.601,1.086-1.601,2.206v4.249h-2.667v-8.59h2.559v1.174h0.037 c0.356-0.675,1.227-1.387,2.526-1.387c2.703,0,3.203,1.779,3.203,4.092V18.338z\"><\/path><\/svg><span class=\"wp-block-social-link-label screen-reader-text\">LinkedIn<\/span><\/a><\/li><\/ul>\r\n<\/div>\r\n<\/div>\r\n<\/div>\r\n","protected":false},"excerpt":{"rendered":"","protected":false},"author":1,"featured_media":0,"parent":0,"menu_order":0,"comment_status":"closed","ping_status":"closed","template":"templates\/wpmm-page-template.php","meta":{"site-sidebar-layout":"default","site-content-layout":"default","ast-global-header-display":"","ast-banner-title-visibility":"","ast-main-header-display":"","ast-hfb-above-header-display":"","ast-hfb-below-header-display":"","ast-hfb-mobile-header-display":"","site-post-title":"","ast-breadcrumbs-content":"","ast-featured-img":"","footer-sml-layout":"","theme-transparent-header-meta":"default","adv-header-id-meta":"","stick-header-meta":"","header-above-stick-meta":"","header-main-stick-meta":"","header-below-stick-meta":"","_themeisle_gutenberg_block_has_review":false,"footnotes":""},"class_list":["post-53","page","type-page","status-publish","hentry"],"yoast_head":"<!-- This site is optimized with the Yoast SEO plugin v20.12 - https:\/\/yoast.com\/wordpress\/plugins\/seo\/ -->\n<title>Maintenance Page - N\u00eago Baterias e Escapamentos<\/title>\n<meta name=\"robots\" content=\"index, follow, max-snippet:-1, max-image-preview:large, max-video-preview:-1\" \/>\n<link rel=\"canonical\" href=\"https:\/\/negobaterias.com.br\/?page_id=53\" \/>\n<meta property=\"og:locale\" content=\"pt_BR\" \/>\n<meta property=\"og:type\" content=\"article\" \/>\n<meta property=\"og:title\" content=\"Maintenance Page - N\u00eago Baterias e Escapamentos\" \/>\n<meta property=\"og:url\" content=\"https:\/\/negobaterias.com.br\/?page_id=53\" \/>\n<meta property=\"og:site_name\" content=\"N\u00eago Baterias e Escapamentos\" \/>\n<meta property=\"article:publisher\" content=\"https:\/\/www.facebook.com\/negobaterias\" \/>\n<meta property=\"article:modified_time\" content=\"2023-08-02T14:18:28+00:00\" \/>\n<meta name=\"twitter:card\" content=\"summary_large_image\" \/>\n<meta name=\"twitter:label1\" content=\"Est. tempo de leitura\" \/>\n\t<meta name=\"twitter:data1\" content=\"1 minuto\" \/>\n<script type=\"application\/ld+json\" class=\"yoast-schema-graph\">{\"@context\":\"https:\/\/schema.org\",\"@graph\":[{\"@type\":\"WebPage\",\"@id\":\"https:\/\/negobaterias.com.br\/?page_id=53\",\"url\":\"https:\/\/negobaterias.com.br\/?page_id=53\",\"name\":\"Maintenance Page - N\u00eago Baterias e Escapamentos\",\"isPartOf\":{\"@id\":\"https:\/\/negobaterias.com.br\/#website\"},\"datePublished\":\"2023-08-02T14:15:03+00:00\",\"dateModified\":\"2023-08-02T14:18:28+00:00\",\"breadcrumb\":{\"@id\":\"https:\/\/negobaterias.com.br\/?page_id=53#breadcrumb\"},\"inLanguage\":\"pt-BR\",\"potentialAction\":[{\"@type\":\"ReadAction\",\"target\":[\"https:\/\/negobaterias.com.br\/?page_id=53\"]}]},{\"@type\":\"BreadcrumbList\",\"@id\":\"https:\/\/negobaterias.com.br\/?page_id=53#breadcrumb\",\"itemListElement\":[{\"@type\":\"ListItem\",\"position\":1,\"name\":\"In\u00edcio\",\"item\":\"https:\/\/negobaterias.com.br\/?page_id=53\"},{\"@type\":\"ListItem\",\"position\":2,\"name\":\"Maintenance Page\"}]},{\"@type\":\"WebSite\",\"@id\":\"https:\/\/negobaterias.com.br\/#website\",\"url\":\"https:\/\/negobaterias.com.br\/\",\"name\":\"N\u00eago Baterias e Escapamentos\",\"description\":\"\",\"publisher\":{\"@id\":\"https:\/\/negobaterias.com.br\/#organization\"},\"potentialAction\":[{\"@type\":\"SearchAction\",\"target\":{\"@type\":\"EntryPoint\",\"urlTemplate\":\"https:\/\/negobaterias.com.br\/?s={search_term_string}\"},\"query-input\":\"required name=search_term_string\"}],\"inLanguage\":\"pt-BR\"},{\"@type\":\"Organization\",\"@id\":\"https:\/\/negobaterias.com.br\/#organization\",\"name\":\"N\u00eago Baterias e Escapamentos\",\"url\":\"https:\/\/negobaterias.com.br\/\",\"logo\":{\"@type\":\"ImageObject\",\"inLanguage\":\"pt-BR\",\"@id\":\"https:\/\/negobaterias.com.br\/#\/schema\/logo\/image\/\",\"url\":\"https:\/\/negobaterias.com.br\/wp-content\/uploads\/2023\/08\/Logo-P-07.png\",\"contentUrl\":\"https:\/\/negobaterias.com.br\/wp-content\/uploads\/2023\/08\/Logo-P-07.png\",\"width\":4500,\"height\":4500,\"caption\":\"N\u00eago Baterias e Escapamentos\"},\"image\":{\"@id\":\"https:\/\/negobaterias.com.br\/#\/schema\/logo\/image\/\"},\"sameAs\":[\"https:\/\/www.facebook.com\/negobaterias\",\"https:\/\/www.instagram.com\/nego_baterias\/\"]}]}<\/script>\n<!-- \/ Yoast SEO plugin. -->","yoast_head_json":{"title":"Maintenance Page - N\u00eago Baterias e Escapamentos","robots":{"index":"index","follow":"follow","max-snippet":"max-snippet:-1","max-image-preview":"max-image-preview:large","max-video-preview":"max-video-preview:-1"},"canonical":"https:\/\/negobaterias.com.br\/?page_id=53","og_locale":"pt_BR","og_type":"article","og_title":"Maintenance Page - N\u00eago Baterias e Escapamentos","og_url":"https:\/\/negobaterias.com.br\/?page_id=53","og_site_name":"N\u00eago Baterias e Escapamentos","article_publisher":"https:\/\/www.facebook.com\/negobaterias","article_modified_time":"2023-08-02T14:18:28+00:00","twitter_card":"summary_large_image","twitter_misc":{"Est. tempo de leitura":"1 minuto"},"schema":{"@context":"https:\/\/schema.org","@graph":[{"@type":"WebPage","@id":"https:\/\/negobaterias.com.br\/?page_id=53","url":"https:\/\/negobaterias.com.br\/?page_id=53","name":"Maintenance Page - N\u00eago Baterias e Escapamentos","isPartOf":{"@id":"https:\/\/negobaterias.com.br\/#website"},"datePublished":"2023-08-02T14:15:03+00:00","dateModified":"2023-08-02T14:18:28+00:00","breadcrumb":{"@id":"https:\/\/negobaterias.com.br\/?page_id=53#breadcrumb"},"inLanguage":"pt-BR","potentialAction":[{"@type":"ReadAction","target":["https:\/\/negobaterias.com.br\/?page_id=53"]}]},{"@type":"BreadcrumbList","@id":"https:\/\/negobaterias.com.br\/?page_id=53#breadcrumb","itemListElement":[{"@type":"ListItem","position":1,"name":"In\u00edcio","item":"https:\/\/negobaterias.com.br\/?page_id=53"},{"@type":"ListItem","position":2,"name":"Maintenance Page"}]},{"@type":"WebSite","@id":"https:\/\/negobaterias.com.br\/#website","url":"https:\/\/negobaterias.com.br\/","name":"N\u00eago Baterias e Escapamentos","description":"","publisher":{"@id":"https:\/\/negobaterias.com.br\/#organization"},"potentialAction":[{"@type":"SearchAction","target":{"@type":"EntryPoint","urlTemplate":"https:\/\/negobaterias.com.br\/?s={search_term_string}"},"query-input":"required name=search_term_string"}],"inLanguage":"pt-BR"},{"@type":"Organization","@id":"https:\/\/negobaterias.com.br\/#organization","name":"N\u00eago Baterias e Escapamentos","url":"https:\/\/negobaterias.com.br\/","logo":{"@type":"ImageObject","inLanguage":"pt-BR","@id":"https:\/\/negobaterias.com.br\/#\/schema\/logo\/image\/","url":"https:\/\/negobaterias.com.br\/wp-content\/uploads\/2023\/08\/Logo-P-07.png","contentUrl":"https:\/\/negobaterias.com.br\/wp-content\/uploads\/2023\/08\/Logo-P-07.png","width":4500,"height":4500,"caption":"N\u00eago Baterias e Escapamentos"},"image":{"@id":"https:\/\/negobaterias.com.br\/#\/schema\/logo\/image\/"},"sameAs":["https:\/\/www.facebook.com\/negobaterias","https:\/\/www.instagram.com\/nego_baterias\/"]}]}},"_links":{"self":[{"href":"https:\/\/negobaterias.com.br\/index.php?rest_route=\/wp\/v2\/pages\/53","targetHints":{"allow":["GET"]}}],"collection":[{"href":"https:\/\/negobaterias.com.br\/index.php?rest_route=\/wp\/v2\/pages"}],"about":[{"href":"https:\/\/negobaterias.com.br\/index.php?rest_route=\/wp\/v2\/types\/page"}],"author":[{"embeddable":true,"href":"https:\/\/negobaterias.com.br\/index.php?rest_route=\/wp\/v2\/users\/1"}],"replies":[{"embeddable":true,"href":"https:\/\/negobaterias.com.br\/index.php?rest_route=%2Fwp%2Fv2%2Fcomments&post=53"}],"version-history":[{"count":1,"href":"https:\/\/negobaterias.com.br\/index.php?rest_route=\/wp\/v2\/pages\/53\/revisions"}],"predecessor-version":[{"id":54,"href":"https:\/\/negobaterias.com.br\/index.php?rest_route=\/wp\/v2\/pages\/53\/revisions\/54"}],"wp:attachment":[{"href":"https:\/\/negobaterias.com.br\/index.php?rest_route=%2Fwp%2Fv2%2Fmedia&parent=53"}],"curies":[{"name":"wp","href":"https:\/\/api.w.org\/{rel}","templated":true}]}}